{"id":27,"date":"2015-01-07T08:59:25","date_gmt":"2015-01-07T08:59:25","guid":{"rendered":"http:\/\/intellego.pt\/?page_id=27"},"modified":"2015-01-07T08:59:25","modified_gmt":"2015-01-07T08:59:25","slug":"explicacoes","status":"publish","type":"page","link":"https:\/\/intellego.pt\/?page_id=27","title":{"rendered":"Explica\u00e7\u00f5es"},"content":{"rendered":"<p><strong>Explica\u00e7\u00f5es individuais ou em pares de:<\/strong><\/p>\n<ul>\n<li>Portugu\u00eas (do 1\u00ba ciclo ao ensino secund\u00e1rio)<\/li>\n<li>Franc\u00eas (do 1\u00ba ciclo ao ensino secund\u00e1rio)<\/li>\n<li>Matem\u00e1tica (do 1\u00ba ciclo ao ensino secund\u00e1rio)<\/li>\n<li>Disciplinas relacionadas com eletr\u00f3nica, programa\u00e7\u00e3o e novas tecnologias (do 1\u00ba ciclo ao ensino universit\u00e1rio).<\/li>\n<\/ul>\n<p style=\"text-align: justified;\">Proporcionamos explica\u00e7\u00f5es individuais ou em grupos de dois alunos nas disciplinas de Matem\u00e1tica, Portugu\u00eas, Franc\u00eas e disciplinas ligadas \u00e0 \u00e1rea das tecnologias. Temos como preocupa\u00e7\u00e3o, n\u00e3o s\u00f3 preparar os alunos para as fichas de avalia\u00e7\u00e3o e para os exames, mas tamb\u00e9m dot\u00e1-los de estrat\u00e9gias de aquisi\u00e7\u00e3o e aplica\u00e7\u00e3o de conhecimentos. Procuramos ainda ensin\u00e1-los a compreender a mat\u00e9ria e a consolidar os conte\u00fados program\u00e1ticos para que se tornem uma base segura para a aquisi\u00e7\u00e3o de novos conhecimentos.<\/p>\n","protected":false},"excerpt":{"rendered":"<p>Explica\u00e7\u00f5es individuais ou em pares de: Portugu\u00eas (do 1\u00ba ciclo ao ensino secund\u00e1rio) Franc\u00eas (do 1\u00ba ciclo ao ensino secund\u00e1rio) Matem\u00e1tica (do 1\u00ba ciclo ao ensino secund\u00e1rio) Disciplinas relacionadas com eletr\u00f3nica, programa\u00e7\u00e3o e novas tecnologias (do 1\u00ba ciclo ao ensino universit\u00e1rio). Proporcionamos explica\u00e7\u00f5es individuais ou em grupos de dois alunos nas disciplinas de Matem\u00e1tica, Portugu\u00eas, &hellip; <a href=\"https:\/\/intellego.pt\/?page_id=27\" class=\"more-link\">Continuar a ler<span class=\"screen-reader-text\">Explica\u00e7\u00f5es<\/span> <span class=\"meta-nav\">&rarr;<\/span><\/a><\/p>\n","protected":false},"author":1,"featured_media":62,"parent":0,"menu_order":0,"comment_status":"closed","ping_status":"closed","template":"","meta":[],"_links":{"self":[{"href":"https:\/\/intellego.pt\/index.php?rest_route=\/wp\/v2\/pages\/27"}],"collection":[{"href":"https:\/\/intellego.pt\/index.php?rest_route=\/wp\/v2\/pages"}],"about":[{"href":"https:\/\/intellego.pt\/index.php?rest_route=\/wp\/v2\/types\/page"}],"author":[{"embeddable":true,"href":"https:\/\/intellego.pt\/index.php?rest_route=\/wp\/v2\/users\/1"}],"replies":[{"embeddable":true,"href":"https:\/\/intellego.pt\/index.php?rest_route=%2Fwp%2Fv2%2Fcomments&post=27"}],"version-history":[{"count":0,"href":"https:\/\/intellego.pt\/index.php?rest_route=\/wp\/v2\/pages\/27\/revisions"}],"wp:featuredmedia":[{"embeddable":true,"href":"https:\/\/intellego.pt\/index.php?rest_route=\/wp\/v2\/media\/62"}],"wp:attachment":[{"href":"https:\/\/intellego.pt\/index.php?rest_route=%2Fwp%2Fv2%2Fmedia&parent=27"}],"curies":[{"name":"wp","href":"https:\/\/api.w.org\/{rel}","templated":true}]}}