{"id":25,"date":"2015-01-07T08:59:05","date_gmt":"2015-01-07T08:59:05","guid":{"rendered":"http:\/\/intellego.pt\/?page_id=25"},"modified":"2015-01-07T08:59:05","modified_gmt":"2015-01-07T08:59:05","slug":"apoio-ao-estudo","status":"publish","type":"page","link":"https:\/\/intellego.pt\/?page_id=25","title":{"rendered":"Apoio ao estudo"},"content":{"rendered":"<p><strong>(do 1\u00ba ciclo ao 9\u00ba ano)<\/strong><\/p>\n<p>Proporcionamos\u00a0 sess\u00f5es de apoio ao estudo, onde se privilegia a realiza\u00e7\u00e3o dos trabalhos de casa e o estudo cont\u00ednuo das mat\u00e9rias que v\u00e3o sendo dadas na escola. S\u00e3o ainda ensinadas metodologias de estudo eficazes e \u201ctruques\u201d que facilitam a memoriza\u00e7\u00e3o e a aplica\u00e7\u00e3o dos conhecimentos.<\/p>\n","protected":false},"excerpt":{"rendered":"<p>(do 1\u00ba ciclo ao 9\u00ba ano) Proporcionamos\u00a0 sess\u00f5es de apoio ao estudo, onde se privilegia a realiza\u00e7\u00e3o dos trabalhos de casa e o estudo cont\u00ednuo das mat\u00e9rias que v\u00e3o sendo dadas na escola. S\u00e3o ainda ensinadas metodologias de estudo eficazes e \u201ctruques\u201d que facilitam a memoriza\u00e7\u00e3o e a aplica\u00e7\u00e3o dos conhecimentos.<\/p>\n","protected":false},"author":1,"featured_media":61,"parent":0,"menu_order":0,"comment_status":"closed","ping_status":"closed","template":"","meta":[],"_links":{"self":[{"href":"https:\/\/intellego.pt\/index.php?rest_route=\/wp\/v2\/pages\/25"}],"collection":[{"href":"https:\/\/intellego.pt\/index.php?rest_route=\/wp\/v2\/pages"}],"about":[{"href":"https:\/\/intellego.pt\/index.php?rest_route=\/wp\/v2\/types\/page"}],"author":[{"embeddable":true,"href":"https:\/\/intellego.pt\/index.php?rest_route=\/wp\/v2\/users\/1"}],"replies":[{"embeddable":true,"href":"https:\/\/intellego.pt\/index.php?rest_route=%2Fwp%2Fv2%2Fcomments&post=25"}],"version-history":[{"count":1,"href":"https:\/\/intellego.pt\/index.php?rest_route=\/wp\/v2\/pages\/25\/revisions"}],"predecessor-version":[{"id":258,"href":"https:\/\/intellego.pt\/index.php?rest_route=\/wp\/v2\/pages\/25\/revisions\/258"}],"wp:featuredmedia":[{"embeddable":true,"href":"https:\/\/intellego.pt\/index.php?rest_route=\/wp\/v2\/media\/61"}],"wp:attachment":[{"href":"https:\/\/intellego.pt\/index.php?rest_route=%2Fwp%2Fv2%2Fmedia&parent=25"}],"curies":[{"name":"wp","href":"https:\/\/api.w.org\/{rel}","templated":true}]}}