{"id":227,"date":"2015-09-30T14:21:59","date_gmt":"2015-09-30T14:21:59","guid":{"rendered":"http:\/\/intellego.pt\/?page_id=227"},"modified":"2021-11-11T20:33:06","modified_gmt":"2021-11-11T20:33:06","slug":"makerspace-da-intellego","status":"publish","type":"page","link":"https:\/\/intellego.pt\/?page_id=227","title":{"rendered":"MakerSpace da Intellego"},"content":{"rendered":"<p>Prepara-te!!<\/p>\n<p>Vem a\u00ed o novo <strong>MakerSpace da Intellego<\/strong>, onde podes brincar todas as semanas com coisas s\u00e9rias! Liberta o inventor que h\u00e1 em ti!<\/p>\n<p>Implementando o conceito STEAM (Ci\u00eancia, Tecnologia, Engenharia, Artes e Matem\u00e1tica ), o MakerSpace engloba v\u00e1rios temas, logo muito mais divers\u00e3o. A focaliza\u00e7\u00e3o \u00e9 na <strong>rob\u00f3tica<\/strong>, na <strong>eletr\u00f3nica<\/strong> e na <strong>programa\u00e7\u00e3o <\/strong>(microcontroladores e computadores). Mas aqui queremos que saibas fazer mais coisas, \u00fateis para ti e para os que te rodeiam, e que contribuam para uma <strong>engenharia<\/strong> completa, por isso junta-lhe <strong>modela\u00e7\u00e3o 3D<\/strong> de objetos por computador, <strong>impress\u00e3o 3D<\/strong> desses objetos, <strong>mec\u00e2nica<\/strong> e constru\u00e7\u00e3o f\u00edsica. Eventualmente, podes achar \u00fatil alguns conhecimentos pr\u00e1ticos de <strong>primeiros socorros<\/strong>, <strong>cozinha<\/strong> base e lend\u00e1ria (se um inventor tem de se alimentar, que seja bom e bem feito!),\u00a0 e outros assuntos t\u00e3o divertidos como importantes!<\/p>\n<p><img decoding=\"async\" loading=\"lazy\" class=\"aligncenter wp-image-67 size-large\" src=\"https:\/\/intellego.pt\/wp-content\/uploads\/2015\/01\/Robots1-1-1024x566.jpg\" alt=\"Robots1\" width=\"474\" height=\"262\" srcset=\"https:\/\/intellego.pt\/wp-content\/uploads\/2015\/01\/Robots1-1-1024x566.jpg 1024w, https:\/\/intellego.pt\/wp-content\/uploads\/2015\/01\/Robots1-1-300x166.jpg 300w, https:\/\/intellego.pt\/wp-content\/uploads\/2015\/01\/Robots1-1-768x425.jpg 768w, https:\/\/intellego.pt\/wp-content\/uploads\/2015\/01\/Robots1-1-672x372.jpg 672w, https:\/\/intellego.pt\/wp-content\/uploads\/2015\/01\/Robots1-1-1038x576.jpg 1038w, https:\/\/intellego.pt\/wp-content\/uploads\/2015\/01\/Robots1-1.jpg 1920w\" sizes=\"(max-width: 474px) 100vw, 474px\" \/><\/p>\n<p>Todas as sess\u00f5es ter\u00e1s um mini-projeto concreto a realizar, com princ\u00edpio, meio e fim, de forma a teres sempre resultados para mostrar \u00e0 fam\u00edlia e amigos. Se quiseres modificar alguma coisa no projeto, n\u00e3o s\u00f3 \u00e9 permitido como encorajado! Ter\u00e1s todo o apoio para o tornar mais teu. Poder\u00e1s at\u00e9 ficar com alguns desses projetos, como placas eletr\u00f3nicas que montaste ou pe\u00e7as impressas em 3D!<\/p>\n<p>De mini-projetos individuais a projetos em equipa de alguma dimens\u00e3o, queremos que ganhes capacidade de organiza\u00e7\u00e3o, esp\u00edrito de equipa e confian\u00e7a em ti pr\u00f3prio.<\/p>\n<p>Podes contar com <strong>mentores<\/strong> jovens, din\u00e2micos e mestres da \u00e1rea que orientam, com muita vontade de partilhar conhecimento, experi\u00eancia e melhorar o Mundo que nos rodeia (e a zona de Vale de Cambra em particular).<\/p>\n<p>O MakerSpace da Intellego vai funcionar semanalmente, uma hora por semana, durante o per\u00edodo letivo. As <strong>inscri\u00e7\u00f5es<\/strong> est\u00e3o abertas (contacte-nos para informa\u00e7\u00f5es ou inscri\u00e7\u00f5es no 936 323 274, ou atrav\u00e9s dos outros <a href=\"https:\/\/intellego.pt\/contactos\/\">contactos<\/a>).<\/p>\n<p>O calend\u00e1rio ser\u00e1 publicado oportunamente. Fica atento!<\/p>\n","protected":false},"excerpt":{"rendered":"<p>Prepara-te!! Vem a\u00ed o novo MakerSpace da Intellego, onde podes brincar todas as semanas com coisas s\u00e9rias! Liberta o inventor que h\u00e1 em ti! Implementando o conceito STEAM (Ci\u00eancia, Tecnologia, Engenharia, Artes e Matem\u00e1tica ), o MakerSpace engloba v\u00e1rios temas, logo muito mais divers\u00e3o. A focaliza\u00e7\u00e3o \u00e9 na rob\u00f3tica, na eletr\u00f3nica e na programa\u00e7\u00e3o (microcontroladores &hellip; <a href=\"https:\/\/intellego.pt\/?page_id=227\" class=\"more-link\">Continuar a ler<span class=\"screen-reader-text\">MakerSpace da Intellego<\/span> <span class=\"meta-nav\">&rarr;<\/span><\/a><\/p>\n","protected":false},"author":1,"featured_media":73,"parent":0,"menu_order":0,"comment_status":"closed","ping_status":"closed","template":"","meta":[],"_links":{"self":[{"href":"https:\/\/intellego.pt\/index.php?rest_route=\/wp\/v2\/pages\/227"}],"collection":[{"href":"https:\/\/intellego.pt\/index.php?rest_route=\/wp\/v2\/pages"}],"about":[{"href":"https:\/\/intellego.pt\/index.php?rest_route=\/wp\/v2\/types\/page"}],"author":[{"embeddable":true,"href":"https:\/\/intellego.pt\/index.php?rest_route=\/wp\/v2\/users\/1"}],"replies":[{"embeddable":true,"href":"https:\/\/intellego.pt\/index.php?rest_route=%2Fwp%2Fv2%2Fcomments&post=227"}],"version-history":[{"count":1,"href":"https:\/\/intellego.pt\/index.php?rest_route=\/wp\/v2\/pages\/227\/revisions"}],"predecessor-version":[{"id":275,"href":"https:\/\/intellego.pt\/index.php?rest_route=\/wp\/v2\/pages\/227\/revisions\/275"}],"wp:featuredmedia":[{"embeddable":true,"href":"https:\/\/intellego.pt\/index.php?rest_route=\/wp\/v2\/media\/73"}],"wp:attachment":[{"href":"https:\/\/intellego.pt\/index.php?rest_route=%2Fwp%2Fv2%2Fmedia&parent=227"}],"curies":[{"name":"wp","href":"https:\/\/api.w.org\/{rel}","templated":true}]}}