{"id":16,"date":"2015-01-06T10:08:26","date_gmt":"2015-01-06T10:08:26","guid":{"rendered":"http:\/\/intellego.pt\/?page_id=16"},"modified":"2015-01-06T10:08:26","modified_gmt":"2015-01-06T10:08:26","slug":"onde-estamos","status":"publish","type":"page","link":"https:\/\/intellego.pt\/?page_id=16","title":{"rendered":"Onde estamos"},"content":{"rendered":"<p>A Intellego encontra-se em Outeiro de Rei, Macieira de Cambra, na bonita cidade de Vale de Cambra, perto da Escola Secund\u00e1ria.<\/p>\n<p>Perto da rotunda do canastro, a Intellego oferece uma sala inundada por luz natural, climatizada, e equipada para o conforto de todos. A tecnologia em utiliza\u00e7\u00e3o pr\u00e1tica \u00e9, evidentemente, uma presen\u00e7a constante.<\/p>\n<p><a href=\"https:\/\/www.google.pt\/maps\/place\/Intellego\/@40.849097,-8.380163,15z\/data=!4m2!3m1!1s0xd237a313365cb6b:0x22c5f98d97bb07bb?hl=pt-PT\"><img decoding=\"async\" loading=\"lazy\" class=\"aligncenter wp-image-17 size-full\" src=\"https:\/\/intellego.pt\/wp-content\/uploads\/2015\/01\/localizacaoIntellego-1-1.png\" alt=\"Localiza\u00e7\u00e3o da Intellego\" width=\"679\" height=\"456\" \/><\/a><\/p>\n","protected":false},"excerpt":{"rendered":"<p>A Intellego encontra-se em Outeiro de Rei, Macieira de Cambra, na bonita cidade de Vale de Cambra, perto da Escola Secund\u00e1ria. Perto da rotunda do canastro, a Intellego oferece uma sala inundada por luz natural, climatizada, e equipada para o conforto de todos. A tecnologia em utiliza\u00e7\u00e3o pr\u00e1tica \u00e9, evidentemente, uma presen\u00e7a constante.<\/p>\n","protected":false},"author":1,"featured_media":17,"parent":0,"menu_order":0,"comment_status":"closed","ping_status":"closed","template":"","meta":[],"_links":{"self":[{"href":"https:\/\/intellego.pt\/index.php?rest_route=\/wp\/v2\/pages\/16"}],"collection":[{"href":"https:\/\/intellego.pt\/index.php?rest_route=\/wp\/v2\/pages"}],"about":[{"href":"https:\/\/intellego.pt\/index.php?rest_route=\/wp\/v2\/types\/page"}],"author":[{"embeddable":true,"href":"https:\/\/intellego.pt\/index.php?rest_route=\/wp\/v2\/users\/1"}],"replies":[{"embeddable":true,"href":"https:\/\/intellego.pt\/index.php?rest_route=%2Fwp%2Fv2%2Fcomments&post=16"}],"version-history":[{"count":0,"href":"https:\/\/intellego.pt\/index.php?rest_route=\/wp\/v2\/pages\/16\/revisions"}],"wp:featuredmedia":[{"embeddable":true,"href":"https:\/\/intellego.pt\/index.php?rest_route=\/wp\/v2\/media\/17"}],"wp:attachment":[{"href":"https:\/\/intellego.pt\/index.php?rest_route=%2Fwp%2Fv2%2Fmedia&parent=16"}],"curies":[{"name":"wp","href":"https:\/\/api.w.org\/{rel}","templated":true}]}}