{"id":14,"date":"2015-01-06T09:52:52","date_gmt":"2015-01-06T09:52:52","guid":{"rendered":"http:\/\/intellego.pt\/?page_id=14"},"modified":"2015-01-06T09:52:52","modified_gmt":"2015-01-06T09:52:52","slug":"quem-somos","status":"publish","type":"page","link":"https:\/\/intellego.pt\/?page_id=14","title":{"rendered":"Quem somos"},"content":{"rendered":"<p>A Intellego nasceu da vontade que um engenheiro e uma professora t\u00eam de melhorar a educa\u00e7\u00e3o em Portugal.<\/p>\n<p>A professora, franc\u00f3fona nativa nascida em Paris, Fran\u00e7a, licenciada em Ensino de Portugu\u00eas e Franc\u00eas pela Universidade de Aveiro, com uma p\u00f3s-gradua\u00e7\u00e3o em Educa\u00e7\u00e3o Especial, utiliza toda a sua experi\u00eancia acumulada no ensino p\u00fablico onde sempre foi professora, para motivar e construir m\u00e9todos de estudo com os alunos, enquanto incute o gosto e o valor de saber novos idiomas, em cen\u00e1rios pr\u00e1ticos e reais.<\/p>\n<p>O engenheiro de eletr\u00f3nica e telecomunica\u00e7\u00f5es,\u00a0pela Universidade de Aveiro, adiciona a nuance tecnol\u00f3gica ao ensino. Com uma p\u00f3s-gradua\u00e7\u00e3o em sistemas de informa\u00e7\u00e3o distribu\u00eddos, e a trabalhar atualmente na \u00e1rea da ind\u00fastria em desenvolvimento de software cr\u00edtico <em>quasi-real-time<\/em> de automa\u00e7\u00e3o, supervis\u00e3o, controlo, gest\u00e3o e telemetria, fornece sempre uma vis\u00e3o pr\u00e1tica e relacionada com a realidade. Com o objetivo principal de que os alunos utilizem as novas tecnologias para criar projetos e conte\u00fado (ao inv\u00e9s de apenas consumirem conte\u00fado), partilha o seu conhecimento de forma simples, modular, clara e divertida, expondo os alunos \u00e0 \u00e1rea da engenharia.<\/p>\n<p>&nbsp;<\/p>\n<p>Baseamo-nos em m\u00e9todos pr\u00e1ticos e l\u00f3gicos, tecnologicamente avan\u00e7ados, e adaptados ao aluno; mostramos primeiro e explicamos depois, trazendo assim a motiva\u00e7\u00e3o natural para aprender. \u00c9 o nosso objetivo principal ensinar a aprender, de forma a que os alunos possam seguir o seu caminho pelo seu pr\u00f3prio p\u00e9 no futuro.<\/p>\n<p><img decoding=\"async\" loading=\"lazy\" class=\"aligncenter wp-image-54 size-large\" src=\"https:\/\/intellego.pt\/wp-content\/uploads\/2015\/01\/SalaIntellego2-1-1024x759.jpg\" alt=\"SalaIntellego2\" width=\"474\" height=\"351\" srcset=\"https:\/\/intellego.pt\/wp-content\/uploads\/2015\/01\/SalaIntellego2-1-1024x759.jpg 1024w, https:\/\/intellego.pt\/wp-content\/uploads\/2015\/01\/SalaIntellego2-1-300x223.jpg 300w, https:\/\/intellego.pt\/wp-content\/uploads\/2015\/01\/SalaIntellego2-1-768x570.jpg 768w, https:\/\/intellego.pt\/wp-content\/uploads\/2015\/01\/SalaIntellego2-1.jpg 1920w\" sizes=\"(max-width: 474px) 100vw, 474px\" \/><\/p>\n<p>Pretendemos desmistificar a ideia corrente na mente dos jovens de que a escola \u00e9 um mal necess\u00e1rio. Depois de mostrarmos que aprender \u00e9 uma atividade natural do ser humano, tudo fica mais f\u00e1cil e divertido.<\/p>\n<p><img decoding=\"async\" loading=\"lazy\" class=\"aligncenter wp-image-55 size-large\" src=\"https:\/\/intellego.pt\/wp-content\/uploads\/2015\/01\/SalaIntellego3-1-1024x759.jpg\" alt=\"SalaIntellego3\" width=\"474\" height=\"351\" srcset=\"https:\/\/intellego.pt\/wp-content\/uploads\/2015\/01\/SalaIntellego3-1-1024x759.jpg 1024w, https:\/\/intellego.pt\/wp-content\/uploads\/2015\/01\/SalaIntellego3-1-300x223.jpg 300w, https:\/\/intellego.pt\/wp-content\/uploads\/2015\/01\/SalaIntellego3-1-768x570.jpg 768w, https:\/\/intellego.pt\/wp-content\/uploads\/2015\/01\/SalaIntellego3-1.jpg 1920w\" sizes=\"(max-width: 474px) 100vw, 474px\" \/><\/p>\n","protected":false},"excerpt":{"rendered":"<p>A Intellego nasceu da vontade que um engenheiro e uma professora t\u00eam de melhorar a educa\u00e7\u00e3o em Portugal. A professora, franc\u00f3fona nativa nascida em Paris, Fran\u00e7a, licenciada em Ensino de Portugu\u00eas e Franc\u00eas pela Universidade de Aveiro, com uma p\u00f3s-gradua\u00e7\u00e3o em Educa\u00e7\u00e3o Especial, utiliza toda a sua experi\u00eancia acumulada no ensino p\u00fablico onde sempre foi &hellip; <a href=\"https:\/\/intellego.pt\/?page_id=14\" class=\"more-link\">Continuar a ler<span class=\"screen-reader-text\">Quem somos<\/span> <span class=\"meta-nav\">&rarr;<\/span><\/a><\/p>\n","protected":false},"author":1,"featured_media":52,"parent":0,"menu_order":0,"comment_status":"closed","ping_status":"closed","template":"","meta":[],"_links":{"self":[{"href":"https:\/\/intellego.pt\/index.php?rest_route=\/wp\/v2\/pages\/14"}],"collection":[{"href":"https:\/\/intellego.pt\/index.php?rest_route=\/wp\/v2\/pages"}],"about":[{"href":"https:\/\/intellego.pt\/index.php?rest_route=\/wp\/v2\/types\/page"}],"author":[{"embeddable":true,"href":"https:\/\/intellego.pt\/index.php?rest_route=\/wp\/v2\/users\/1"}],"replies":[{"embeddable":true,"href":"https:\/\/intellego.pt\/index.php?rest_route=%2Fwp%2Fv2%2Fcomments&post=14"}],"version-history":[{"count":0,"href":"https:\/\/intellego.pt\/index.php?rest_route=\/wp\/v2\/pages\/14\/revisions"}],"wp:featuredmedia":[{"embeddable":true,"href":"https:\/\/intellego.pt\/index.php?rest_route=\/wp\/v2\/media\/52"}],"wp:attachment":[{"href":"https:\/\/intellego.pt\/index.php?rest_route=%2Fwp%2Fv2%2Fmedia&parent=14"}],"curies":[{"name":"wp","href":"https:\/\/api.w.org\/{rel}","templated":true}]}}